{"id":89,"date":"2015-10-22T21:16:31","date_gmt":"2015-10-22T19:16:31","guid":{"rendered":"http:\/\/localhost\/autofiksa\/?page_id=2"},"modified":"2015-10-22T21:16:31","modified_gmt":"2015-10-22T19:16:31","slug":"o-nas","status":"publish","type":"page","link":"https:\/\/autofiksa.pl\/index.php\/o-nas\/","title":{"rendered":"O nas"},"content":{"rendered":"<p>&nbsp;<\/p>\n<p><strong>Dzi\u0119ki Pa\u0144stwu istniejemy ju\u017c na rynku motoryzacyjnym\u00a050\u00a0lat. Dzi\u0119kujemy!<\/strong><\/p>\n<p><span style=\"color: #333333;\">Firm\u0119 Auto Fiksa zosta\u0142a za\u0142o\u017cona w 1965 roku, przez J\u00f3zefa Fiksa.\u00a0Obecnie jest prowadzona przez jego syna Dariusza Fiksa. Up\u0142yw czasu i nagromadzony przez firm\u0119 kapita\u0142 pozwoli\u0142 na stworzenie kolejnych stanowisk obs\u0142ugi samochod\u00f3w takich jak: mechanika, blacharstwo, diagnostyka i lakiernictwo. \u00a0Jako\u00a0nieliczne posiada pomiar p\u0142yty pod\u0142ogowej typu Blackhawk Shark.<\/span><\/p>\n<p><span style=\"color: #333333;\">W latach 1996-2000 firma Auto Fiksa by\u0142a autoryzowan\u0105 stacj\u0105 dealersk\u0105 firmy Daewoo. W latach 2000-2006 poszerzy\u0142a ona swoj\u0105 dzia\u0142alno\u015b\u0107 o dealerstwo firmy Yamaha w zakresie sprzeda\u017cy, obs\u0142ugi silnik\u00f3w i sprz\u0119tu motorowodnego. Udzielenie przez firm\u0119 Yamaha prawa do sprzeda\u017cy i obs\u0142ugi serwisowej silnik\u00f3w, stanowi\u0142o istotne potwierdzenie jako\u015bci \u015bwiadczonych us\u0142ug i stopnia przygotowania przedsi\u0119biorstwa do spe\u0142nienia wymaga\u0144 klient\u00f3w.<\/span><\/p>\n<p><span style=\"color: #333333;\">We wrze\u015bniu 2006 roku przedsi\u0119biorstwo rozpocz\u0119\u0142o wsp\u00f3\u0142prac\u0119 z SsangYong Poland i otworzy\u0142o salon sprzeda\u017cy oraz serwisu tej marki w Poznaniu. Jednak\u017ce od 2010 roku zajmuje si\u0119 ono wy\u0142\u0105cznie kompleksowymi naprawami wszystkich marek samochodowych.<\/span><\/p>\n<p><span style=\"color: #333333;\">Firma Auto Fiksa posiada wykwalifikowany personel z wieloletni\u0105 praktyk\u0105, kt\u00f3ra znajduje rozwi\u0105zania nawet najbardziej wymagaj\u0105cych us\u0142ug naprawczych. Nasz warsztat oferuje swoim klientom nie tylko atrakcyjne ceny oferowanych us\u0142ug, ale r\u00f3wnie\u017c wysok\u0105 jako\u015b\u0107, fachowo\u015b\u0107, rzetelno\u015b\u0107, uczciwo\u015b\u0107 i terminowo\u015b\u0107 zlece\u0144.<\/span><\/p>\n<p><span style=\"color: #333333;\"><strong>Celem nadrz\u0119dnym firmy jest uzyskanie satysfakcji klienta oraz pozyskanie nowych klient\u00f3w poprzez gwarancj\u0119 wysokiej jako\u015bci us\u0142ug.<\/strong><\/span><\/p>\n<p><span style=\"color: #333333;\">Gwarantem jako\u015bci jest uzyskany certyfikat Polskiej Izby Motoryzacyjnej w Warszawie oraz certyfikat zarz\u0105dzania jako\u015bci\u0105 ISO 9001.<\/span><\/p>\n<p><span style=\"color: #333333;\">Obecnie w\u00a0ofercie us\u0142ugowej przedsi\u0119biorstwa znajduje si\u0119 ca\u0142e spektrum us\u0142ug zwi\u0105zanych z\u00a0kompleksow\u0105 obs\u0142ug\u0105 samochod\u00f3wka osobowych i\u00a0dostawczych. Ponadto firma specjalizuje si\u0119 w\u00a0naprawach bla\u00adchar\u00adsko-lakierniczych, likwidacji szk\u00f3d komunikacyjnych, naprawach mechanicznych, diagnostyce, serwisie ogumienia, serwisie klimatyzacji, elektryce oraz w\u00a0szybach.<\/span><\/p>\n<p>&nbsp;<\/p>\n","protected":false},"excerpt":{"rendered":"&nbsp; Dzi\u0119ki Pa\u0144stwu istniejemy ju\u017c na rynku motoryzacyjnym\u00a050\u00a0lat. Dzi\u0119kujemy! Firm\u0119 Auto Fiksa zosta\u0142a za\u0142o\u017cona w 1965 roku, przez J\u00f3zefa Fiksa.\u00a0Obecnie jest prowadzona przez jego syna Dariusza Fiksa. Up\u0142yw czasu i nagromadzony przez firm\u0119 kapita\u0142 pozwoli\u0142 na stworzenie kolejnych stanowisk obs\u0142ugi samochod\u00f3w takich jak: mechanika, blacharstwo, diagnostyka i lakiernictwo. \u00a0Jako\u00a0nieliczne posiada pomiar p\u0142yty pod\u0142ogowej typu Blackhawk&#8230; <a class=\"view-article\" href=\"https:\/\/autofiksa.pl\/index.php\/o-nas\/\">View Article<\/a>","protected":false},"author":1,"featured_media":0,"parent":0,"menu_order":0,"comment_status":"closed","ping_status":"open","template":"","meta":{"footnotes":""},"class_list":["post-89","page","type-page","status-publish","hentry"],"_links":{"self":[{"href":"https:\/\/autofiksa.pl\/index.php\/wp-json\/wp\/v2\/pages\/89","targetHints":{"allow":["GET"]}}],"collection":[{"href":"https:\/\/autofiksa.pl\/index.php\/wp-json\/wp\/v2\/pages"}],"about":[{"href":"https:\/\/autofiksa.pl\/index.php\/wp-json\/wp\/v2\/types\/page"}],"author":[{"embeddable":true,"href":"https:\/\/autofiksa.pl\/index.php\/wp-json\/wp\/v2\/users\/1"}],"replies":[{"embeddable":true,"href":"https:\/\/autofiksa.pl\/index.php\/wp-json\/wp\/v2\/comments?post=89"}],"version-history":[{"count":0,"href":"https:\/\/autofiksa.pl\/index.php\/wp-json\/wp\/v2\/pages\/89\/revisions"}],"wp:attachment":[{"href":"https:\/\/autofiksa.pl\/index.php\/wp-json\/wp\/v2\/media?parent=89"}],"curies":[{"name":"wp","href":"https:\/\/api.w.org\/{rel}","templated":true}]}}